{"id":9886,"date":"2025-05-26T15:06:33","date_gmt":"2025-05-26T13:06:33","guid":{"rendered":"https:\/\/soendertysk-gardening.dk\/maschinenarbeit\/"},"modified":"2025-09-05T09:31:55","modified_gmt":"2025-09-05T07:31:55","slug":"maschinenarbeit","status":"publish","type":"page","link":"https:\/\/soendertysk-gardening.dk\/de\/maschinenarbeit\/","title":{"rendered":"Maschinenarbeit"},"content":{"rendered":"\t\t<div data-elementor-type=\"wp-page\" data-elementor-id=\"9886\" class=\"elementor elementor-9886 elementor-9405\" data-elementor-post-type=\"page\">\n\t\t\t\t<div class=\"elementor-element elementor-element-4f8890e e-flex e-con-boxed e-con e-parent\" data-id=\"4f8890e\" data-element_type=\"container\" data-e-type=\"container\">\n\t\t\t\t\t<div class=\"e-con-inner\">\n\t\t<div class=\"elementor-element elementor-element-bd4b1a1 e-con-full no-padding e-flex e-con e-child\" data-id=\"bd4b1a1\" data-element_type=\"container\" data-e-type=\"container\">\n\t\t\t\t<div class=\"elementor-element elementor-element-279dffa elementor-widget-tablet__width-inherit elementor-widget-mobile__width-inherit elementor-widget elementor-widget-text-editor\" data-id=\"279dffa\" data-element_type=\"widget\" data-e-type=\"widget\" data-widget_type=\"text-editor.default\">\n\t\t\t\t<div class=\"elementor-widget-container\">\n\t\t\t\t\t\t\t\t\t<p>Mit Pr\u00e4zision geschaffen \u2013 mit Leidenschaft ausgef\u00fchrt<\/p>\t\t\t\t\t\t\t\t<\/div>\n\t\t\t\t<\/div>\n\t\t\t\t<div class=\"elementor-element elementor-element-34d8d75 elementor-widget elementor-widget-heading\" data-id=\"34d8d75\" data-element_type=\"widget\" data-e-type=\"widget\" data-widget_type=\"heading.default\">\n\t\t\t\t<div class=\"elementor-widget-container\">\n\t\t\t\t\t<h1 class=\"elementor-heading-title elementor-size-default\">Maschinenarbeit<\/h1>\t\t\t\t<\/div>\n\t\t\t\t<\/div>\n\t\t\t\t<div class=\"elementor-element elementor-element-2612de6 elementor-widget elementor-widget-text-editor\" data-id=\"2612de6\" data-element_type=\"widget\" data-e-type=\"widget\" data-widget_type=\"text-editor.default\">\n\t\t\t\t<div class=\"elementor-widget-container\">\n\t\t\t\t\t\t\t\t\t<p>Unser Maschinenpark \u2013 Effiziente Ger\u00e4te f\u00fcr jede Aufgabe<br \/>Wir verf\u00fcgen \u00fcber einen vielseitigen und modernen Maschinenpark, der es uns erm\u00f6glicht, Aufgaben schnell, effizient und mit gro\u00dfer Pr\u00e4zision zu l\u00f6sen \u2013 egal, ob es sich um Bauarbeiten, Gartenarbeiten oder Instandhaltung handelt.<\/p><p>Wir bieten unter anderem:<\/p><p>Minilader: Kompakt und wendig \u2013 perfekt zum Laden und Bewegen von Materialien auf kleinem Raum.<\/p><p>Bagger: Ideal f\u00fcr Erdarbeiten, Fundamentarbeiten, Drainagen und vieles mehr.<\/p><p>Holzh\u00e4cksler (Kapazit\u00e4t bis 16,5 cm): Effizientes Zerkleinern von \u00c4sten und Holzabf\u00e4llen \u2013 spart Zeit und Platz im Garten oder auf der Baustelle.<\/p><p>Anh\u00e4ngerlift (bis zu 18 Meter): Sicherer Zugang zu schwer erreichbaren B\u00e4umen \u2013 ideal zum F\u00e4llen von Kopfst\u00fccken und zur Handhabung problematischer B\u00e4ume, bei denen ein normales F\u00e4llen nicht m\u00f6glich ist.<\/p><p>Kompakttraktor mit Schlegelm\u00e4her und Umkehrfr\u00e4se: Perfekt f\u00fcr die gr\u00f6bere Pflege und Bodenbearbeitung \u2013 sowohl f\u00fcr Gr\u00fcnland als auch f\u00fcr die Vorbereitung neuer Beete oder Rasenfl\u00e4chen geeignet.<\/p><p>Ganz gleich, vor welcher Aufgabe Sie stehen: Wir verf\u00fcgen \u00fcber die Ausr\u00fcstung, die Ihnen hilft, Ihre Ziele sicher und effizient zu erreichen.<\/p>\t\t\t\t\t\t\t\t<\/div>\n\t\t\t\t<\/div>\n\t\t\t\t<div class=\"elementor-element elementor-element-c1e98da elementor-mobile-align-justify elementor-widget-mobile__width-inherit cta elementor-widget elementor-widget-button\" data-id=\"c1e98da\" data-element_type=\"widget\" data-e-type=\"widget\" data-widget_type=\"button.default\">\n\t\t\t\t<div class=\"elementor-widget-container\">\n\t\t\t\t\t\t\t\t\t<div class=\"elementor-button-wrapper\">\n\t\t\t\t\t<a class=\"elementor-button elementor-button-link elementor-size-sm\" href=\"\/de\/kontakt\/\">\n\t\t\t\t\t\t<span class=\"elementor-button-content-wrapper\">\n\t\t\t\t\t\t\t\t\t<span class=\"elementor-button-text\">Kontaktieren Sie uns noch heute<\/span>\n\t\t\t\t\t<\/span>\n\t\t\t\t\t<\/a>\n\t\t\t\t<\/div>\n\t\t\t\t\t\t\t\t<\/div>\n\t\t\t\t<\/div>\n\t\t\t\t<\/div>\n\t\t<div class=\"elementor-element elementor-element-7aa2633 e-con-full e-flex e-con e-child\" data-id=\"7aa2633\" data-element_type=\"container\" data-e-type=\"container\" data-settings=\"{&quot;background_background&quot;:&quot;classic&quot;}\">\n\t\t\t\t<\/div>\n\t\t\t\t\t<\/div>\n\t\t\t\t<\/div>\n\t\t<div class=\"elementor-element elementor-element-be41249 no-padding e-flex e-con-boxed e-con e-child\" data-id=\"be41249\" data-element_type=\"container\" data-e-type=\"container\" data-settings=\"{&quot;background_background&quot;:&quot;classic&quot;}\">\n\t\t\t\t\t<div class=\"e-con-inner\">\n\t\t\t\t<div class=\"elementor-element elementor-element-705b588 elementor-view-default elementor-position-block-start elementor-mobile-position-block-start elementor-widget elementor-widget-icon-box\" data-id=\"705b588\" data-element_type=\"widget\" data-e-type=\"widget\" data-widget_type=\"icon-box.default\">\n\t\t\t\t<div class=\"elementor-widget-container\">\n\t\t\t\t\t\t\t<div class=\"elementor-icon-box-wrapper\">\n\n\t\t\t\t\t\t<div class=\"elementor-icon-box-icon\">\n\t\t\t\t<span  class=\"elementor-icon\">\n\t\t\t\t<svg aria-hidden=\"true\" class=\"e-font-icon-svg e-fas-trophy\" viewBox=\"0 0 576 512\" xmlns=\"http:\/\/www.w3.org\/2000\/svg\"><path d=\"M552 64H448V24c0-13.3-10.7-24-24-24H152c-13.3 0-24 10.7-24 24v40H24C10.7 64 0 74.7 0 88v56c0 35.7 22.5 72.4 61.9 100.7 31.5 22.7 69.8 37.1 110 41.7C203.3 338.5 240 360 240 360v72h-48c-35.3 0-64 20.7-64 56v12c0 6.6 5.4 12 12 12h296c6.6 0 12-5.4 12-12v-12c0-35.3-28.7-56-64-56h-48v-72s36.7-21.5 68.1-73.6c40.3-4.6 78.6-19 110-41.7 39.3-28.3 61.9-65 61.9-100.7V88c0-13.3-10.7-24-24-24zM99.3 192.8C74.9 175.2 64 155.6 64 144v-16h64.2c1 32.6 5.8 61.2 12.8 86.2-15.1-5.2-29.2-12.4-41.7-21.4zM512 144c0 16.1-17.7 36.1-35.3 48.8-12.5 9-26.7 16.2-41.8 21.4 7-25 11.8-53.6 12.8-86.2H512v16z\"><\/path><\/svg>\t\t\t\t<\/span>\n\t\t\t<\/div>\n\t\t\t\n\t\t\t\t\t\t<div class=\"elementor-icon-box-content\">\n\n\t\t\t\t\t\t\t\t\t<h3 class=\"elementor-icon-box-title\">\n\t\t\t\t\t\t<span  >\n\t\t\t\t\t\t\tZuverl\u00e4ssigkeit, auf die Sie z\u00e4hlen k\u00f6nnen\t\t\t\t\t\t<\/span>\n\t\t\t\t\t<\/h3>\n\t\t\t\t\n\t\t\t\t\t\t\t\t\t<p class=\"elementor-icon-box-description\">\n\t\t\t\t\t\tNichts ist schlimmer als unzuverl\u00e4ssige Handwerker \u2013 bei uns steht Zuverl\u00e4ssigkeit an erster Stelle.\t\t\t\t\t<\/p>\n\t\t\t\t\n\t\t\t<\/div>\n\t\t\t\n\t\t<\/div>\n\t\t\t\t\t\t<\/div>\n\t\t\t\t<\/div>\n\t\t\t\t<div class=\"elementor-element elementor-element-bc8368e elementor-view-default elementor-position-block-start elementor-mobile-position-block-start elementor-widget elementor-widget-icon-box\" data-id=\"bc8368e\" data-element_type=\"widget\" data-e-type=\"widget\" data-widget_type=\"icon-box.default\">\n\t\t\t\t<div class=\"elementor-widget-container\">\n\t\t\t\t\t\t\t<div class=\"elementor-icon-box-wrapper\">\n\n\t\t\t\t\t\t<div class=\"elementor-icon-box-icon\">\n\t\t\t\t<span  class=\"elementor-icon\">\n\t\t\t\t<svg aria-hidden=\"true\" class=\"e-font-icon-svg e-fas-tags\" viewBox=\"0 0 640 512\" xmlns=\"http:\/\/www.w3.org\/2000\/svg\"><path d=\"M497.941 225.941L286.059 14.059A48 48 0 0 0 252.118 0H48C21.49 0 0 21.49 0 48v204.118a48 48 0 0 0 14.059 33.941l211.882 211.882c18.744 18.745 49.136 18.746 67.882 0l204.118-204.118c18.745-18.745 18.745-49.137 0-67.882zM112 160c-26.51 0-48-21.49-48-48s21.49-48 48-48 48 21.49 48 48-21.49 48-48 48zm513.941 133.823L421.823 497.941c-18.745 18.745-49.137 18.745-67.882 0l-.36-.36L527.64 323.522c16.999-16.999 26.36-39.6 26.36-63.64s-9.362-46.641-26.36-63.64L331.397 0h48.721a48 48 0 0 1 33.941 14.059l211.882 211.882c18.745 18.745 18.745 49.137 0 67.882z\"><\/path><\/svg>\t\t\t\t<\/span>\n\t\t\t<\/div>\n\t\t\t\n\t\t\t\t\t\t<div class=\"elementor-icon-box-content\">\n\n\t\t\t\t\t\t\t\t\t<h3 class=\"elementor-icon-box-title\">\n\t\t\t\t\t\t<span  >\n\t\t\t\t\t\t\tQualit\u00e4t zum fairen Preis\t\t\t\t\t\t<\/span>\n\t\t\t\t\t<\/h3>\n\t\t\t\t\n\t\t\t\t\t\t\t\t\t<p class=\"elementor-icon-box-description\">\n\t\t\t\t\t\tAls kleines Unternehmen halten wir die Kosten niedrig \u2013 und die Qualit\u00e4t auf h\u00f6chstem Niveau. Bei uns bekommen Sie mehr f\u00fcr Ihr Geld. \t\t\t\t\t<\/p>\n\t\t\t\t\n\t\t\t<\/div>\n\t\t\t\n\t\t<\/div>\n\t\t\t\t\t\t<\/div>\n\t\t\t\t<\/div>\n\t\t\t\t<div class=\"elementor-element elementor-element-58e9dd2 elementor-view-default elementor-position-block-start elementor-mobile-position-block-start elementor-widget elementor-widget-icon-box\" data-id=\"58e9dd2\" data-element_type=\"widget\" data-e-type=\"widget\" data-widget_type=\"icon-box.default\">\n\t\t\t\t<div class=\"elementor-widget-container\">\n\t\t\t\t\t\t\t<div class=\"elementor-icon-box-wrapper\">\n\n\t\t\t\t\t\t<div class=\"elementor-icon-box-icon\">\n\t\t\t\t<span  class=\"elementor-icon\">\n\t\t\t\t<svg aria-hidden=\"true\" class=\"e-font-icon-svg e-fas-handshake\" viewBox=\"0 0 640 512\" xmlns=\"http:\/\/www.w3.org\/2000\/svg\"><path d=\"M434.7 64h-85.9c-8 0-15.7 3-21.6 8.4l-98.3 90c-.1.1-.2.3-.3.4-16.6 15.6-16.3 40.5-2.1 56 12.7 13.9 39.4 17.6 56.1 2.7.1-.1.3-.1.4-.2l79.9-73.2c6.5-5.9 16.7-5.5 22.6 1 6 6.5 5.5 16.6-1 22.6l-26.1 23.9L504 313.8c2.9 2.4 5.5 5 7.9 7.7V128l-54.6-54.6c-5.9-6-14.1-9.4-22.6-9.4zM544 128.2v223.9c0 17.7 14.3 32 32 32h64V128.2h-96zm48 223.9c-8.8 0-16-7.2-16-16s7.2-16 16-16 16 7.2 16 16-7.2 16-16 16zM0 384h64c17.7 0 32-14.3 32-32V128.2H0V384zm48-63.9c8.8 0 16 7.2 16 16s-7.2 16-16 16-16-7.2-16-16c0-8.9 7.2-16 16-16zm435.9 18.6L334.6 217.5l-30 27.5c-29.7 27.1-75.2 24.5-101.7-4.4-26.9-29.4-24.8-74.9 4.4-101.7L289.1 64h-83.8c-8.5 0-16.6 3.4-22.6 9.4L128 128v223.9h18.3l90.5 81.9c27.4 22.3 67.7 18.1 90-9.3l.2-.2 17.9 15.5c15.9 13 39.4 10.5 52.3-5.4l31.4-38.6 5.4 4.4c13.7 11.1 33.9 9.1 45-4.7l9.5-11.7c11.2-13.8 9.1-33.9-4.6-45.1z\"><\/path><\/svg>\t\t\t\t<\/span>\n\t\t\t<\/div>\n\t\t\t\n\t\t\t\t\t\t<div class=\"elementor-icon-box-content\">\n\n\t\t\t\t\t\t\t\t\t<h3 class=\"elementor-icon-box-title\">\n\t\t\t\t\t\t<span  >\n\t\t\t\t\t\t\t  Flexible L\u00f6sung \u2013 ganz nach Ihren W\u00fcnschen\t\t\t\t\t\t<\/span>\n\t\t\t\t\t<\/h3>\n\t\t\t\t\n\t\t\t\t\t\t\t\t\t<p class=\"elementor-icon-box-description\">\n\t\t\t\t\t\tWir h\u00f6ren zu, passen uns an und setzen um \u2013 mit deutscher Gr\u00fcndlichkeit und Respekt f\u00fcr Ihre W\u00fcnsche.\t\t\t\t\t<\/p>\n\t\t\t\t\n\t\t\t<\/div>\n\t\t\t\n\t\t<\/div>\n\t\t\t\t\t\t<\/div>\n\t\t\t\t<\/div>\n\t\t\t\t\t<\/div>\n\t\t\t\t<\/div>\n\t\t<div class=\"elementor-element elementor-element-2de48f5 light e-flex e-con-boxed e-con e-parent\" data-id=\"2de48f5\" data-element_type=\"container\" data-e-type=\"container\" data-settings=\"{&quot;background_background&quot;:&quot;classic&quot;}\">\n\t\t\t\t\t<div class=\"e-con-inner\">\n\t\t<div class=\"elementor-element elementor-element-1ac02dc e-con-full no-padding e-flex e-con e-child\" data-id=\"1ac02dc\" data-element_type=\"container\" data-e-type=\"container\" data-settings=\"{&quot;background_background&quot;:&quot;classic&quot;}\">\n\t\t\t\t<div class=\"elementor-element elementor-element-28c6403 elementor-widget elementor-widget-shortcode\" data-id=\"28c6403\" data-element_type=\"widget\" data-e-type=\"widget\" data-widget_type=\"shortcode.default\">\n\t\t\t\t<div class=\"elementor-widget-container\">\n\t\t\t\t\t\t\t<div class=\"elementor-shortcode\"><form id=\"forminator-module-9903\" class=\"forminator-custom-form forminator-custom-form-9903\" method=\"post\" data-forminator-render=\"0\" data-uid=\"69e21d9e53aa0\"><div role=\"alert\" aria-live=\"polite\" class=\"forminator-response-message forminator-error\" aria-hidden=\"true\"><\/div><\/form><\/div>\n\t\t\t\t\t\t<\/div>\n\t\t\t\t<\/div>\n\t\t\t\t<div class=\"elementor-element elementor-element-bcedf91 elementor-widget elementor-widget-text-editor\" data-id=\"bcedf91\" data-element_type=\"widget\" data-e-type=\"widget\" data-widget_type=\"text-editor.default\">\n\t\t\t\t<div class=\"elementor-widget-container\">\n\t\t\t\t\t\t\t\t\t<p>Anfragen werden innerhalb von zwei Werktagen beantwortet.<\/p>\t\t\t\t\t\t\t\t<\/div>\n\t\t\t\t<\/div>\n\t\t\t\t<\/div>\n\t\t<div class=\"elementor-element elementor-element-f828bed e-con-full no-padding e-flex e-con e-child\" data-id=\"f828bed\" data-element_type=\"container\" data-e-type=\"container\">\n\t\t\t\t<div class=\"elementor-element elementor-element-5f16143 elementor-widget__width-initial elementor-widget elementor-widget-heading\" data-id=\"5f16143\" data-element_type=\"widget\" data-e-type=\"widget\" data-widget_type=\"heading.default\">\n\t\t\t\t<div class=\"elementor-widget-container\">\n\t\t\t\t\t<h1 class=\"elementor-heading-title elementor-size-default\">Erhalten Sie ein unverbindliches Angebot!<\/h1>\t\t\t\t<\/div>\n\t\t\t\t<\/div>\n\t\t\t\t<div class=\"elementor-element elementor-element-83ed5e4 elementor-widget__width-initial elementor-widget elementor-widget-text-editor\" data-id=\"83ed5e4\" data-element_type=\"widget\" data-e-type=\"widget\" data-widget_type=\"text-editor.default\">\n\t\t\t\t<div class=\"elementor-widget-container\">\n\t\t\t\t\t\t\t\t\t<p data-start=\"166\" data-end=\"334\">Kontaktieren Sie uns noch heute \u2013 wir stehen mit guten Ideen, wettbewerbsf\u00e4higen Preisen und professioneller Handwerkskunst bereit.<\/p><p data-start=\"166\" data-end=\"334\">Rufen Sie an, schreiben Sie oder nutzen Sie das Kontaktformular \u2013 wir melden uns schnell bei Ihnen!<\/p><p data-start=\"336\" data-end=\"415\">\u2714 Unverbindliches Angebot<br data-start=\"360\" data-end=\"363\"> \u2714 Schnelle Antwort<br data-start=\"379\" data-end=\"382\"> \u2714 Guter Dialog von Anfang bis Ende<\/p>\t\t\t\t\t\t\t\t<\/div>\n\t\t\t\t<\/div>\n\t\t\t\t<div class=\"elementor-element elementor-element-04f091b elementor-widget-divider--view-line elementor-widget elementor-widget-divider\" data-id=\"04f091b\" data-element_type=\"widget\" data-e-type=\"widget\" data-widget_type=\"divider.default\">\n\t\t\t\t<div class=\"elementor-widget-container\">\n\t\t\t\t\t\t\t<div class=\"elementor-divider\">\n\t\t\t<span class=\"elementor-divider-separator\">\n\t\t\t\t\t\t<\/span>\n\t\t<\/div>\n\t\t\t\t\t\t<\/div>\n\t\t\t\t<\/div>\n\t\t<div class=\"elementor-element elementor-element-309e516 e-con-full no-padding e-flex e-con e-child\" data-id=\"309e516\" data-element_type=\"container\" data-e-type=\"container\">\n\t\t\t\t<div class=\"elementor-element elementor-element-9eec415 elementor-mobile-align-justify elementor-widget-mobile__width-inherit cta elementor-widget elementor-widget-button\" data-id=\"9eec415\" data-element_type=\"widget\" data-e-type=\"widget\" data-widget_type=\"button.default\">\n\t\t\t\t<div class=\"elementor-widget-container\">\n\t\t\t\t\t\t\t\t\t<div class=\"elementor-button-wrapper\">\n\t\t\t\t\t<a class=\"elementor-button elementor-button-link elementor-size-sm\" href=\"\/de\/kontakt\/\">\n\t\t\t\t\t\t<span class=\"elementor-button-content-wrapper\">\n\t\t\t\t\t\t\t\t\t<span class=\"elementor-button-text\">Angebot anfordern<\/span>\n\t\t\t\t\t<\/span>\n\t\t\t\t\t<\/a>\n\t\t\t\t<\/div>\n\t\t\t\t\t\t\t\t<\/div>\n\t\t\t\t<\/div>\n\t\t\t\t<\/div>\n\t\t\t\t<\/div>\n\t\t\t\t\t<\/div>\n\t\t\t\t<\/div>\n\t\t\t\t<\/div>\n\t\t","protected":false},"excerpt":{"rendered":"<p>Mit Pr\u00e4zision geschaffen \u2013 mit Leidenschaft ausgef\u00fchrt Maschinenarbeit Unser Maschinenpark \u2013 Effiziente Ger\u00e4te f\u00fcr jede AufgabeWir verf\u00fcgen \u00fcber einen vielseitigen und modernen Maschinenpark, der es uns erm\u00f6glicht, Aufgaben schnell, effizient und mit gro\u00dfer Pr\u00e4zision zu l\u00f6sen \u2013 egal, ob es sich um Bauarbeiten, Gartenarbeiten oder Instandhaltung handelt. Wir bieten unter anderem: Minilader: Kompakt und wendig &#8230; <a title=\"Maschinenarbeit\" class=\"read-more\" href=\"https:\/\/soendertysk-gardening.dk\/de\/maschinenarbeit\/\" aria-label=\"Mehr Informationen \u00fcber Maschinenarbeit\">Weiterlesen &#8230;<\/a><\/p>\n","protected":false},"author":5,"featured_media":0,"parent":0,"menu_order":1002,"comment_status":"closed","ping_status":"closed","template":"","meta":{"_acf_changed":false,"footnotes":""},"categories":[],"class_list":["post-9886","page","type-page","status-publish"],"acf":[],"yoast_head":"<!-- This site is optimized with the Yoast SEO plugin v27.4 - https:\/\/yoast.com\/product\/yoast-seo-wordpress\/ -->\n<title>Maschinenarbeit | S\u00f8ndertysk Gardening<\/title>\n<meta name=\"robots\" content=\"index, follow, max-snippet:-1, max-image-preview:large, max-video-preview:-1\" \/>\n<link rel=\"canonical\" href=\"https:\/\/soendertysk-gardening.dk\/de\/maschinenarbeit\/\" \/>\n<meta property=\"og:locale\" content=\"de_DE\" \/>\n<meta property=\"og:type\" content=\"article\" \/>\n<meta property=\"og:title\" content=\"Maschinenarbeit | S\u00f8ndertysk Gardening\" \/>\n<meta property=\"og:description\" content=\"Mit Pr\u00e4zision geschaffen \u2013 mit Leidenschaft ausgef\u00fchrt Maschinenarbeit Unser Maschinenpark \u2013 Effiziente Ger\u00e4te f\u00fcr jede AufgabeWir verf\u00fcgen \u00fcber einen vielseitigen und modernen Maschinenpark, der es uns erm\u00f6glicht, Aufgaben schnell, effizient und mit gro\u00dfer Pr\u00e4zision zu l\u00f6sen \u2013 egal, ob es sich um Bauarbeiten, Gartenarbeiten oder Instandhaltung handelt. Wir bieten unter anderem: Minilader: Kompakt und wendig ... Weiterlesen ...\" \/>\n<meta property=\"og:url\" content=\"https:\/\/soendertysk-gardening.dk\/de\/maschinenarbeit\/\" \/>\n<meta property=\"og:site_name\" content=\"S\u00f8ndertysk Gardening\" \/>\n<meta property=\"article:modified_time\" content=\"2025-09-05T07:31:55+00:00\" \/>\n<meta name=\"twitter:card\" content=\"summary_large_image\" \/>\n<meta name=\"twitter:label1\" content=\"Gesch\u00e4tzte Lesezeit\" \/>\n\t<meta name=\"twitter:data1\" content=\"2\u00a0Minuten\" \/>\n<script type=\"application\/ld+json\" class=\"yoast-schema-graph\">{\"@context\":\"https:\\\/\\\/schema.org\",\"@graph\":[{\"@type\":\"WebPage\",\"@id\":\"https:\\\/\\\/soendertysk-gardening.dk\\\/de\\\/maschinenarbeit\\\/\",\"url\":\"https:\\\/\\\/soendertysk-gardening.dk\\\/de\\\/maschinenarbeit\\\/\",\"name\":\"Maschinenarbeit | S\u00f8ndertysk Gardening\",\"isPartOf\":{\"@id\":\"https:\\\/\\\/soendertysk-gardening.dk\\\/de\\\/#website\"},\"datePublished\":\"2025-05-26T13:06:33+00:00\",\"dateModified\":\"2025-09-05T07:31:55+00:00\",\"breadcrumb\":{\"@id\":\"https:\\\/\\\/soendertysk-gardening.dk\\\/de\\\/maschinenarbeit\\\/#breadcrumb\"},\"inLanguage\":\"de\",\"potentialAction\":[{\"@type\":\"ReadAction\",\"target\":[\"https:\\\/\\\/soendertysk-gardening.dk\\\/de\\\/maschinenarbeit\\\/\"]}]},{\"@type\":\"BreadcrumbList\",\"@id\":\"https:\\\/\\\/soendertysk-gardening.dk\\\/de\\\/maschinenarbeit\\\/#breadcrumb\",\"itemListElement\":[{\"@type\":\"ListItem\",\"position\":1,\"name\":\"Forside\",\"item\":\"https:\\\/\\\/soendertysk-gardening.dk\\\/de\\\/\"},{\"@type\":\"ListItem\",\"position\":2,\"name\":\"Maschinenarbeit\"}]},{\"@type\":\"WebSite\",\"@id\":\"https:\\\/\\\/soendertysk-gardening.dk\\\/de\\\/#website\",\"url\":\"https:\\\/\\\/soendertysk-gardening.dk\\\/de\\\/\",\"name\":\"S\u00f8ndertysk Gardening\",\"description\":\"Anl\u00e6gsgartner med styr p\u00e5 b\u00e5de detaljerne og aftalerne\",\"publisher\":{\"@id\":\"https:\\\/\\\/soendertysk-gardening.dk\\\/de\\\/#organization\"},\"potentialAction\":[{\"@type\":\"SearchAction\",\"target\":{\"@type\":\"EntryPoint\",\"urlTemplate\":\"https:\\\/\\\/soendertysk-gardening.dk\\\/de\\\/?s={search_term_string}\"},\"query-input\":{\"@type\":\"PropertyValueSpecification\",\"valueRequired\":true,\"valueName\":\"search_term_string\"}}],\"inLanguage\":\"de\"},{\"@type\":\"Organization\",\"@id\":\"https:\\\/\\\/soendertysk-gardening.dk\\\/de\\\/#organization\",\"name\":\"S\u00f8ndertysk Gardening\",\"url\":\"https:\\\/\\\/soendertysk-gardening.dk\\\/de\\\/\",\"logo\":{\"@type\":\"ImageObject\",\"inLanguage\":\"de\",\"@id\":\"https:\\\/\\\/soendertysk-gardening.dk\\\/de\\\/#\\\/schema\\\/logo\\\/image\\\/\",\"url\":\"https:\\\/\\\/soendertysk-gardening.dk\\\/wp-content\\\/uploads\\\/2025\\\/05\\\/logo-01-PNG.png\",\"contentUrl\":\"https:\\\/\\\/soendertysk-gardening.dk\\\/wp-content\\\/uploads\\\/2025\\\/05\\\/logo-01-PNG.png\",\"width\":800,\"height\":250,\"caption\":\"S\u00f8ndertysk Gardening\"},\"image\":{\"@id\":\"https:\\\/\\\/soendertysk-gardening.dk\\\/de\\\/#\\\/schema\\\/logo\\\/image\\\/\"}}]}<\/script>\n<!-- \/ Yoast SEO plugin. -->","yoast_head_json":{"title":"Maschinenarbeit | S\u00f8ndertysk Gardening","robots":{"index":"index","follow":"follow","max-snippet":"max-snippet:-1","max-image-preview":"max-image-preview:large","max-video-preview":"max-video-preview:-1"},"canonical":"https:\/\/soendertysk-gardening.dk\/de\/maschinenarbeit\/","og_locale":"de_DE","og_type":"article","og_title":"Maschinenarbeit | S\u00f8ndertysk Gardening","og_description":"Mit Pr\u00e4zision geschaffen \u2013 mit Leidenschaft ausgef\u00fchrt Maschinenarbeit Unser Maschinenpark \u2013 Effiziente Ger\u00e4te f\u00fcr jede AufgabeWir verf\u00fcgen \u00fcber einen vielseitigen und modernen Maschinenpark, der es uns erm\u00f6glicht, Aufgaben schnell, effizient und mit gro\u00dfer Pr\u00e4zision zu l\u00f6sen \u2013 egal, ob es sich um Bauarbeiten, Gartenarbeiten oder Instandhaltung handelt. Wir bieten unter anderem: Minilader: Kompakt und wendig ... Weiterlesen ...","og_url":"https:\/\/soendertysk-gardening.dk\/de\/maschinenarbeit\/","og_site_name":"S\u00f8ndertysk Gardening","article_modified_time":"2025-09-05T07:31:55+00:00","twitter_card":"summary_large_image","twitter_misc":{"Gesch\u00e4tzte Lesezeit":"2\u00a0Minuten"},"schema":{"@context":"https:\/\/schema.org","@graph":[{"@type":"WebPage","@id":"https:\/\/soendertysk-gardening.dk\/de\/maschinenarbeit\/","url":"https:\/\/soendertysk-gardening.dk\/de\/maschinenarbeit\/","name":"Maschinenarbeit | S\u00f8ndertysk Gardening","isPartOf":{"@id":"https:\/\/soendertysk-gardening.dk\/de\/#website"},"datePublished":"2025-05-26T13:06:33+00:00","dateModified":"2025-09-05T07:31:55+00:00","breadcrumb":{"@id":"https:\/\/soendertysk-gardening.dk\/de\/maschinenarbeit\/#breadcrumb"},"inLanguage":"de","potentialAction":[{"@type":"ReadAction","target":["https:\/\/soendertysk-gardening.dk\/de\/maschinenarbeit\/"]}]},{"@type":"BreadcrumbList","@id":"https:\/\/soendertysk-gardening.dk\/de\/maschinenarbeit\/#breadcrumb","itemListElement":[{"@type":"ListItem","position":1,"name":"Forside","item":"https:\/\/soendertysk-gardening.dk\/de\/"},{"@type":"ListItem","position":2,"name":"Maschinenarbeit"}]},{"@type":"WebSite","@id":"https:\/\/soendertysk-gardening.dk\/de\/#website","url":"https:\/\/soendertysk-gardening.dk\/de\/","name":"S\u00f8ndertysk Gardening","description":"Anl\u00e6gsgartner med styr p\u00e5 b\u00e5de detaljerne og aftalerne","publisher":{"@id":"https:\/\/soendertysk-gardening.dk\/de\/#organization"},"potentialAction":[{"@type":"SearchAction","target":{"@type":"EntryPoint","urlTemplate":"https:\/\/soendertysk-gardening.dk\/de\/?s={search_term_string}"},"query-input":{"@type":"PropertyValueSpecification","valueRequired":true,"valueName":"search_term_string"}}],"inLanguage":"de"},{"@type":"Organization","@id":"https:\/\/soendertysk-gardening.dk\/de\/#organization","name":"S\u00f8ndertysk Gardening","url":"https:\/\/soendertysk-gardening.dk\/de\/","logo":{"@type":"ImageObject","inLanguage":"de","@id":"https:\/\/soendertysk-gardening.dk\/de\/#\/schema\/logo\/image\/","url":"https:\/\/soendertysk-gardening.dk\/wp-content\/uploads\/2025\/05\/logo-01-PNG.png","contentUrl":"https:\/\/soendertysk-gardening.dk\/wp-content\/uploads\/2025\/05\/logo-01-PNG.png","width":800,"height":250,"caption":"S\u00f8ndertysk Gardening"},"image":{"@id":"https:\/\/soendertysk-gardening.dk\/de\/#\/schema\/logo\/image\/"}}]}},"_links":{"self":[{"href":"https:\/\/soendertysk-gardening.dk\/de\/wp-json\/wp\/v2\/pages\/9886","targetHints":{"allow":["GET"]}}],"collection":[{"href":"https:\/\/soendertysk-gardening.dk\/de\/wp-json\/wp\/v2\/pages"}],"about":[{"href":"https:\/\/soendertysk-gardening.dk\/de\/wp-json\/wp\/v2\/types\/page"}],"author":[{"embeddable":true,"href":"https:\/\/soendertysk-gardening.dk\/de\/wp-json\/wp\/v2\/users\/5"}],"replies":[{"embeddable":true,"href":"https:\/\/soendertysk-gardening.dk\/de\/wp-json\/wp\/v2\/comments?post=9886"}],"version-history":[{"count":11,"href":"https:\/\/soendertysk-gardening.dk\/de\/wp-json\/wp\/v2\/pages\/9886\/revisions"}],"predecessor-version":[{"id":10000,"href":"https:\/\/soendertysk-gardening.dk\/de\/wp-json\/wp\/v2\/pages\/9886\/revisions\/10000"}],"wp:attachment":[{"href":"https:\/\/soendertysk-gardening.dk\/de\/wp-json\/wp\/v2\/media?parent=9886"}],"wp:term":[{"taxonomy":"category","embeddable":true,"href":"https:\/\/soendertysk-gardening.dk\/de\/wp-json\/wp\/v2\/categories?post=9886"}],"curies":[{"name":"wp","href":"https:\/\/api.w.org\/{rel}","templated":true}]}}