{"id":9877,"date":"2020-02-12T13:11:38","date_gmt":"2020-02-12T12:11:38","guid":{"rendered":"https:\/\/soendertysk-gardening.dk\/kontakt\/"},"modified":"2025-08-21T08:38:40","modified_gmt":"2025-08-21T06:38:40","slug":"kontakt","status":"publish","type":"page","link":"https:\/\/soendertysk-gardening.dk\/de\/kontakt\/","title":{"rendered":"Kontakt"},"content":{"rendered":"\t\t<div data-elementor-type=\"wp-page\" data-elementor-id=\"9877\" class=\"elementor elementor-9877 elementor-61\" data-elementor-post-type=\"page\">\n\t\t\t\t<div class=\"elementor-element elementor-element-89932c0 e-flex e-con-boxed e-con e-parent\" data-id=\"89932c0\" data-element_type=\"container\" data-e-type=\"container\" data-settings=\"{&quot;background_background&quot;:&quot;video&quot;,&quot;background_video_link&quot;:&quot;\\\/wp-content\\\/uploads\\\/2025\\\/05\\\/hero-12.mp4&quot;,&quot;background_play_on_mobile&quot;:&quot;yes&quot;}\">\n\t\t\t\t\t<div class=\"e-con-inner\">\n\t\t<div class=\"elementor-background-video-container\">\n\t\t\t\t\t\t\t<video class=\"elementor-background-video-hosted\" role=\"presentation\" autoplay muted playsinline loop><\/video>\n\t\t\t\t\t<\/div>\t\t\t<\/div>\n\t\t\t\t<\/div>\n\t\t<div class=\"elementor-element elementor-element-36839408 e-flex e-con-boxed e-con e-parent\" data-id=\"36839408\" data-element_type=\"container\" data-e-type=\"container\">\n\t\t\t\t\t<div class=\"e-con-inner\">\n\t\t<div class=\"elementor-element elementor-element-4410f24e e-con-full no-padding e-flex e-con e-child\" data-id=\"4410f24e\" data-element_type=\"container\" data-e-type=\"container\" data-settings=\"{&quot;background_background&quot;:&quot;classic&quot;}\">\n\t\t<div class=\"elementor-element elementor-element-f096162 e-con-full light padding e-flex e-con e-child\" data-id=\"f096162\" data-element_type=\"container\" data-e-type=\"container\" data-settings=\"{&quot;background_background&quot;:&quot;classic&quot;}\">\n\t\t\t\t<div class=\"elementor-element elementor-element-57c7c892 elementor-widget elementor-widget-text-editor\" data-id=\"57c7c892\" data-element_type=\"widget\" data-e-type=\"widget\" data-widget_type=\"text-editor.default\">\n\t\t\t\t<div class=\"elementor-widget-container\">\n\t\t\t\t\t\t\t\t\t<h1>Kontaktieren Sie uns<\/h1><h2>Unsere Kontaktinformationen<\/h2><p><strong>S\u00f8ndertysk Gardening<\/strong><br>Adresse:  <strong><a href=\"https:\/\/www.google.com\/maps\/place\/Nedergaden 12, 6470 Sydals\" target=\"_blank\" aria-label=\"Adresse\">Nedergaden 12, 6470 Sydals<\/a><\/strong><\/p><p>Telefon:<a href=\"tel:+45 61 34 17 10\" aria-label=\"Telefon nummer\">+45 61 34 17 10<\/a><br> E-Mail:  <a href=\"mailto:info@soendertysk-gardening.dk\" aria-label=\"Email adresse\">info@soendertysk-gardening.dk<\/a><\/p><p>CVR-Nummer:  43502530<\/p>\t\t\t\t\t\t\t\t<\/div>\n\t\t\t\t<\/div>\n\t\t\t\t<div class=\"elementor-element elementor-element-6805fbdd some elementor-widget elementor-widget-html\" data-id=\"6805fbdd\" data-element_type=\"widget\" data-e-type=\"widget\" data-widget_type=\"html.default\">\n\t\t\t\t<div class=\"elementor-widget-container\">\n\t\t\t\t\t<a href=\"https:\/\/www.facebook.com\/profile.php?id=100089078916292\" target=\"_blank\" aria-label=\"F\u00f8lg os p\u00e5 Facebook\"><i class=\"fa-brands fa-facebook-f\"><\/i><\/a>\n<a href=\"https:\/\/www.instagram.com\/p\/C2XBq1vrU0D\/\" target=\"_blank\" aria-label=\"F\u00f8lg os p\u00e5 Instagram\"><i class=\"fab fa-instagram\"><\/i><\/a>\t\t\t\t<\/div>\n\t\t\t\t<\/div>\n\t\t\t\t<\/div>\n\t\t<div class=\"elementor-element elementor-element-260bdb7a e-con-full padding e-flex e-con e-child\" data-id=\"260bdb7a\" data-element_type=\"container\" data-e-type=\"container\">\n\t\t\t\t<div class=\"elementor-element elementor-element-275e203d elementor-widget elementor-widget-heading\" data-id=\"275e203d\" data-element_type=\"widget\" data-e-type=\"widget\" data-widget_type=\"heading.default\">\n\t\t\t\t<div class=\"elementor-widget-container\">\n\t\t\t\t\t<h2 class=\"elementor-heading-title elementor-size-default\">F\u00fcllen Sie hier das Kontaktformular aus<\/h2>\t\t\t\t<\/div>\n\t\t\t\t<\/div>\n\t\t\t\t<div class=\"elementor-element elementor-element-2e7968d8 elementor-widget__width-inherit elementor-widget elementor-widget-shortcode\" data-id=\"2e7968d8\" data-element_type=\"widget\" data-e-type=\"widget\" data-widget_type=\"shortcode.default\">\n\t\t\t\t<div class=\"elementor-widget-container\">\n\t\t\t\t\t\t\t<div class=\"elementor-shortcode\"><form id=\"forminator-module-9903\" class=\"forminator-custom-form forminator-custom-form-9903\" method=\"post\" data-forminator-render=\"0\" data-uid=\"69e22bb5b444b\"><div role=\"alert\" aria-live=\"polite\" class=\"forminator-response-message forminator-error\" aria-hidden=\"true\"><\/div><\/form><\/div>\n\t\t\t\t\t\t<\/div>\n\t\t\t\t<\/div>\n\t\t\t\t<\/div>\n\t\t\t\t<\/div>\n\t\t\t\t\t<\/div>\n\t\t\t\t<\/div>\n\t\t\t\t<\/div>\n\t\t","protected":false},"excerpt":{"rendered":"<p>Haben Sie Fragen oder Anmerkungen? Kontaktieren Sie uns noch heute, um mehr dar\u00fcber zu erfahren, was wir f\u00fcr Sie tun k\u00f6nnen.<\/p>\n","protected":false},"author":1,"featured_media":0,"parent":0,"menu_order":0,"comment_status":"closed","ping_status":"closed","template":"","meta":{"_acf_changed":false,"footnotes":""},"categories":[],"class_list":["post-9877","page","type-page","status-publish"],"acf":[],"yoast_head":"<!-- This site is optimized with the Yoast SEO plugin v27.4 - https:\/\/yoast.com\/product\/yoast-seo-wordpress\/ -->\n<title>Kontakt | S\u00f8ndertysk Gardening<\/title>\n<meta name=\"robots\" content=\"index, follow, max-snippet:-1, max-image-preview:large, max-video-preview:-1\" \/>\n<link rel=\"canonical\" href=\"https:\/\/soendertysk-gardening.dk\/de\/kontakt\/\" \/>\n<meta property=\"og:locale\" content=\"de_DE\" \/>\n<meta property=\"og:type\" content=\"article\" \/>\n<meta property=\"og:title\" content=\"Kontakt | S\u00f8ndertysk Gardening\" \/>\n<meta property=\"og:description\" content=\"Haben Sie Fragen oder Anmerkungen? Kontaktieren Sie uns noch heute, um mehr dar\u00fcber zu erfahren, was wir f\u00fcr Sie tun k\u00f6nnen.\" \/>\n<meta property=\"og:url\" content=\"https:\/\/soendertysk-gardening.dk\/de\/kontakt\/\" \/>\n<meta property=\"og:site_name\" content=\"S\u00f8ndertysk Gardening\" \/>\n<meta property=\"article:modified_time\" content=\"2025-08-21T06:38:40+00:00\" \/>\n<meta name=\"twitter:card\" content=\"summary_large_image\" \/>\n<script type=\"application\/ld+json\" class=\"yoast-schema-graph\">{\"@context\":\"https:\\\/\\\/schema.org\",\"@graph\":[{\"@type\":\"WebPage\",\"@id\":\"https:\\\/\\\/soendertysk-gardening.dk\\\/de\\\/kontakt\\\/\",\"url\":\"https:\\\/\\\/soendertysk-gardening.dk\\\/de\\\/kontakt\\\/\",\"name\":\"Kontakt | S\u00f8ndertysk Gardening\",\"isPartOf\":{\"@id\":\"https:\\\/\\\/soendertysk-gardening.dk\\\/de\\\/#website\"},\"datePublished\":\"2020-02-12T12:11:38+00:00\",\"dateModified\":\"2025-08-21T06:38:40+00:00\",\"breadcrumb\":{\"@id\":\"https:\\\/\\\/soendertysk-gardening.dk\\\/de\\\/kontakt\\\/#breadcrumb\"},\"inLanguage\":\"de\",\"potentialAction\":[{\"@type\":\"ReadAction\",\"target\":[\"https:\\\/\\\/soendertysk-gardening.dk\\\/de\\\/kontakt\\\/\"]}]},{\"@type\":\"BreadcrumbList\",\"@id\":\"https:\\\/\\\/soendertysk-gardening.dk\\\/de\\\/kontakt\\\/#breadcrumb\",\"itemListElement\":[{\"@type\":\"ListItem\",\"position\":1,\"name\":\"Forside\",\"item\":\"https:\\\/\\\/soendertysk-gardening.dk\\\/de\\\/\"},{\"@type\":\"ListItem\",\"position\":2,\"name\":\"Kontakt\"}]},{\"@type\":\"WebSite\",\"@id\":\"https:\\\/\\\/soendertysk-gardening.dk\\\/de\\\/#website\",\"url\":\"https:\\\/\\\/soendertysk-gardening.dk\\\/de\\\/\",\"name\":\"S\u00f8ndertysk Gardening\",\"description\":\"Anl\u00e6gsgartner med styr p\u00e5 b\u00e5de detaljerne og aftalerne\",\"publisher\":{\"@id\":\"https:\\\/\\\/soendertysk-gardening.dk\\\/de\\\/#organization\"},\"potentialAction\":[{\"@type\":\"SearchAction\",\"target\":{\"@type\":\"EntryPoint\",\"urlTemplate\":\"https:\\\/\\\/soendertysk-gardening.dk\\\/de\\\/?s={search_term_string}\"},\"query-input\":{\"@type\":\"PropertyValueSpecification\",\"valueRequired\":true,\"valueName\":\"search_term_string\"}}],\"inLanguage\":\"de\"},{\"@type\":\"Organization\",\"@id\":\"https:\\\/\\\/soendertysk-gardening.dk\\\/de\\\/#organization\",\"name\":\"S\u00f8ndertysk Gardening\",\"url\":\"https:\\\/\\\/soendertysk-gardening.dk\\\/de\\\/\",\"logo\":{\"@type\":\"ImageObject\",\"inLanguage\":\"de\",\"@id\":\"https:\\\/\\\/soendertysk-gardening.dk\\\/de\\\/#\\\/schema\\\/logo\\\/image\\\/\",\"url\":\"https:\\\/\\\/soendertysk-gardening.dk\\\/wp-content\\\/uploads\\\/2025\\\/05\\\/logo-01-PNG.png\",\"contentUrl\":\"https:\\\/\\\/soendertysk-gardening.dk\\\/wp-content\\\/uploads\\\/2025\\\/05\\\/logo-01-PNG.png\",\"width\":800,\"height\":250,\"caption\":\"S\u00f8ndertysk Gardening\"},\"image\":{\"@id\":\"https:\\\/\\\/soendertysk-gardening.dk\\\/de\\\/#\\\/schema\\\/logo\\\/image\\\/\"}}]}<\/script>\n<!-- \/ Yoast SEO plugin. -->","yoast_head_json":{"title":"Kontakt | S\u00f8ndertysk Gardening","robots":{"index":"index","follow":"follow","max-snippet":"max-snippet:-1","max-image-preview":"max-image-preview:large","max-video-preview":"max-video-preview:-1"},"canonical":"https:\/\/soendertysk-gardening.dk\/de\/kontakt\/","og_locale":"de_DE","og_type":"article","og_title":"Kontakt | S\u00f8ndertysk Gardening","og_description":"Haben Sie Fragen oder Anmerkungen? Kontaktieren Sie uns noch heute, um mehr dar\u00fcber zu erfahren, was wir f\u00fcr Sie tun k\u00f6nnen.","og_url":"https:\/\/soendertysk-gardening.dk\/de\/kontakt\/","og_site_name":"S\u00f8ndertysk Gardening","article_modified_time":"2025-08-21T06:38:40+00:00","twitter_card":"summary_large_image","schema":{"@context":"https:\/\/schema.org","@graph":[{"@type":"WebPage","@id":"https:\/\/soendertysk-gardening.dk\/de\/kontakt\/","url":"https:\/\/soendertysk-gardening.dk\/de\/kontakt\/","name":"Kontakt | S\u00f8ndertysk Gardening","isPartOf":{"@id":"https:\/\/soendertysk-gardening.dk\/de\/#website"},"datePublished":"2020-02-12T12:11:38+00:00","dateModified":"2025-08-21T06:38:40+00:00","breadcrumb":{"@id":"https:\/\/soendertysk-gardening.dk\/de\/kontakt\/#breadcrumb"},"inLanguage":"de","potentialAction":[{"@type":"ReadAction","target":["https:\/\/soendertysk-gardening.dk\/de\/kontakt\/"]}]},{"@type":"BreadcrumbList","@id":"https:\/\/soendertysk-gardening.dk\/de\/kontakt\/#breadcrumb","itemListElement":[{"@type":"ListItem","position":1,"name":"Forside","item":"https:\/\/soendertysk-gardening.dk\/de\/"},{"@type":"ListItem","position":2,"name":"Kontakt"}]},{"@type":"WebSite","@id":"https:\/\/soendertysk-gardening.dk\/de\/#website","url":"https:\/\/soendertysk-gardening.dk\/de\/","name":"S\u00f8ndertysk Gardening","description":"Anl\u00e6gsgartner med styr p\u00e5 b\u00e5de detaljerne og aftalerne","publisher":{"@id":"https:\/\/soendertysk-gardening.dk\/de\/#organization"},"potentialAction":[{"@type":"SearchAction","target":{"@type":"EntryPoint","urlTemplate":"https:\/\/soendertysk-gardening.dk\/de\/?s={search_term_string}"},"query-input":{"@type":"PropertyValueSpecification","valueRequired":true,"valueName":"search_term_string"}}],"inLanguage":"de"},{"@type":"Organization","@id":"https:\/\/soendertysk-gardening.dk\/de\/#organization","name":"S\u00f8ndertysk Gardening","url":"https:\/\/soendertysk-gardening.dk\/de\/","logo":{"@type":"ImageObject","inLanguage":"de","@id":"https:\/\/soendertysk-gardening.dk\/de\/#\/schema\/logo\/image\/","url":"https:\/\/soendertysk-gardening.dk\/wp-content\/uploads\/2025\/05\/logo-01-PNG.png","contentUrl":"https:\/\/soendertysk-gardening.dk\/wp-content\/uploads\/2025\/05\/logo-01-PNG.png","width":800,"height":250,"caption":"S\u00f8ndertysk Gardening"},"image":{"@id":"https:\/\/soendertysk-gardening.dk\/de\/#\/schema\/logo\/image\/"}}]}},"_links":{"self":[{"href":"https:\/\/soendertysk-gardening.dk\/de\/wp-json\/wp\/v2\/pages\/9877","targetHints":{"allow":["GET"]}}],"collection":[{"href":"https:\/\/soendertysk-gardening.dk\/de\/wp-json\/wp\/v2\/pages"}],"about":[{"href":"https:\/\/soendertysk-gardening.dk\/de\/wp-json\/wp\/v2\/types\/page"}],"author":[{"embeddable":true,"href":"https:\/\/soendertysk-gardening.dk\/de\/wp-json\/wp\/v2\/users\/1"}],"replies":[{"embeddable":true,"href":"https:\/\/soendertysk-gardening.dk\/de\/wp-json\/wp\/v2\/comments?post=9877"}],"version-history":[{"count":5,"href":"https:\/\/soendertysk-gardening.dk\/de\/wp-json\/wp\/v2\/pages\/9877\/revisions"}],"predecessor-version":[{"id":9909,"href":"https:\/\/soendertysk-gardening.dk\/de\/wp-json\/wp\/v2\/pages\/9877\/revisions\/9909"}],"wp:attachment":[{"href":"https:\/\/soendertysk-gardening.dk\/de\/wp-json\/wp\/v2\/media?parent=9877"}],"wp:term":[{"taxonomy":"category","embeddable":true,"href":"https:\/\/soendertysk-gardening.dk\/de\/wp-json\/wp\/v2\/categories?post=9877"}],"curies":[{"name":"wp","href":"https:\/\/api.w.org\/{rel}","templated":true}]}}